{"id":468,"date":"2020-09-16T16:24:38","date_gmt":"2020-09-16T14:24:38","guid":{"rendered":"https:\/\/shop.eltex.de\/produkt\/kleine-passive-erdungszange-3\/"},"modified":"2021-07-14T11:56:53","modified_gmt":"2021-07-14T09:56:53","slug":"kleine-passive-erdungszange-3","status":"publish","type":"product","link":"https:\/\/shop.eltex.de\/fr\/produkt\/kleine-passive-erdungszange-3\/","title":{"rendered":"Pince de mise \u00e0 la terre passive, petit mod\u00e8le"},"content":{"rendered":"<p>Version de base avec passe-c\u00e2ble anti-pliure, sans c\u00e2ble, connexion c\u00e2blepar l&rsquo;utilisateur, section: min. 4 mm\u00b2 max. 10 mm\u00b2 , pince en acier inoxydable, temp\u00e9rature d&rsquo;utilisation -20 \u00e0 +70\u00b0C (d\u00e9pendant du c\u00e2ble connect\u00e9 par l&rsquo;utilisateur). Marquage: Ex II 1G IIB T6 Ga Ex II 2G IIC T6 Gb Ex II 1D T180\u00b0C Da; autorisation: ZELM04 ATEXXE0229 X<\/p>\n","protected":false},"excerpt":{"rendered":"<p>Pince de mise \u00e0 la terre passive, petit mod\u00e8le<\/p>\n","protected":false},"featured_media":560,"template":"","meta":{"inline_featured_image":false},"product_brand":[],"product_cat":[59],"product_tag":[],"class_list":{"0":"post-468","1":"product","2":"type-product","3":"status-publish","4":"has-post-thumbnail","6":"product_cat-elektronik-fr","8":"first","9":"instock","10":"taxable","11":"shipping-taxable","12":"purchasable","13":"product-type-simple"},"yoast_head":"<!-- This site is optimized with the Yoast SEO plugin v27.3 - https:\/\/yoast.com\/product\/yoast-seo-wordpress\/ -->\n<title>Pince de mise \u00e0 la terre passive, petit mod\u00e8le - Shop Eltex Elektrostatik<\/title>\n<meta name=\"robots\" content=\"index, follow, max-snippet:-1, max-image-preview:large, max-video-preview:-1\" \/>\n<link rel=\"canonical\" href=\"https:\/\/shop.eltex.de\/fr\/produkt\/kleine-passive-erdungszange-3\/\" \/>\n<meta property=\"og:locale\" content=\"fr_FR\" \/>\n<meta property=\"og:type\" content=\"article\" \/>\n<meta property=\"og:title\" content=\"Pince de mise \u00e0 la terre passive, petit mod\u00e8le - Shop Eltex Elektrostatik\" \/>\n<meta property=\"og:description\" content=\"Pince de mise \u00e0 la terre passive, petit mod\u00e8le\" \/>\n<meta property=\"og:url\" content=\"https:\/\/shop.eltex.de\/fr\/produkt\/kleine-passive-erdungszange-3\/\" \/>\n<meta property=\"og:site_name\" content=\"Shop Eltex Elektrostatik\" \/>\n<meta property=\"article:modified_time\" content=\"2021-07-14T09:56:53+00:00\" \/>\n<meta property=\"og:image\" content=\"https:\/\/shop.eltex.de\/wp-content\/uploads\/2021\/04\/70OK.jpg\" \/>\n\t<meta property=\"og:image:width\" content=\"600\" \/>\n\t<meta property=\"og:image:height\" content=\"314\" \/>\n\t<meta property=\"og:image:type\" content=\"image\/jpeg\" \/>\n<meta name=\"twitter:card\" content=\"summary_large_image\" \/>\n<script type=\"application\/ld+json\" class=\"yoast-schema-graph\">{\"@context\":\"https:\\\/\\\/schema.org\",\"@graph\":[{\"@type\":\"WebPage\",\"@id\":\"https:\\\/\\\/shop.eltex.de\\\/fr\\\/produkt\\\/kleine-passive-erdungszange-3\\\/\",\"url\":\"https:\\\/\\\/shop.eltex.de\\\/fr\\\/produkt\\\/kleine-passive-erdungszange-3\\\/\",\"name\":\"Pince de mise \u00e0 la terre passive, petit mod\u00e8le - Shop Eltex Elektrostatik\",\"isPartOf\":{\"@id\":\"https:\\\/\\\/shop.eltex.de\\\/fr\\\/#website\"},\"primaryImageOfPage\":{\"@id\":\"https:\\\/\\\/shop.eltex.de\\\/fr\\\/produkt\\\/kleine-passive-erdungszange-3\\\/#primaryimage\"},\"image\":{\"@id\":\"https:\\\/\\\/shop.eltex.de\\\/fr\\\/produkt\\\/kleine-passive-erdungszange-3\\\/#primaryimage\"},\"thumbnailUrl\":\"https:\\\/\\\/shop.eltex.de\\\/wp-content\\\/uploads\\\/2021\\\/04\\\/70OK.jpg\",\"datePublished\":\"2020-09-16T14:24:38+00:00\",\"dateModified\":\"2021-07-14T09:56:53+00:00\",\"breadcrumb\":{\"@id\":\"https:\\\/\\\/shop.eltex.de\\\/fr\\\/produkt\\\/kleine-passive-erdungszange-3\\\/#breadcrumb\"},\"inLanguage\":\"fr-FR\",\"potentialAction\":[{\"@type\":\"ReadAction\",\"target\":[\"https:\\\/\\\/shop.eltex.de\\\/fr\\\/produkt\\\/kleine-passive-erdungszange-3\\\/\"]}]},{\"@type\":\"ImageObject\",\"inLanguage\":\"fr-FR\",\"@id\":\"https:\\\/\\\/shop.eltex.de\\\/fr\\\/produkt\\\/kleine-passive-erdungszange-3\\\/#primaryimage\",\"url\":\"https:\\\/\\\/shop.eltex.de\\\/wp-content\\\/uploads\\\/2021\\\/04\\\/70OK.jpg\",\"contentUrl\":\"https:\\\/\\\/shop.eltex.de\\\/wp-content\\\/uploads\\\/2021\\\/04\\\/70OK.jpg\",\"width\":600,\"height\":314},{\"@type\":\"BreadcrumbList\",\"@id\":\"https:\\\/\\\/shop.eltex.de\\\/fr\\\/produkt\\\/kleine-passive-erdungszange-3\\\/#breadcrumb\",\"itemListElement\":[{\"@type\":\"ListItem\",\"position\":1,\"name\":\"Startseite\",\"item\":\"https:\\\/\\\/shop.eltex.de\\\/fr\\\/boutique\\\/\"},{\"@type\":\"ListItem\",\"position\":2,\"name\":\"Boutique\",\"item\":\"https:\\\/\\\/shop.eltex.de\\\/fr\\\/boutique\\\/\"},{\"@type\":\"ListItem\",\"position\":3,\"name\":\"Pince de mise \u00e0 la terre passive, petit mod\u00e8le\"}]},{\"@type\":\"WebSite\",\"@id\":\"https:\\\/\\\/shop.eltex.de\\\/fr\\\/#website\",\"url\":\"https:\\\/\\\/shop.eltex.de\\\/fr\\\/\",\"name\":\"Shop Eltex Elektrostatik\",\"description\":\"\",\"publisher\":{\"@id\":\"https:\\\/\\\/shop.eltex.de\\\/fr\\\/#organization\"},\"potentialAction\":[{\"@type\":\"SearchAction\",\"target\":{\"@type\":\"EntryPoint\",\"urlTemplate\":\"https:\\\/\\\/shop.eltex.de\\\/fr\\\/?s={search_term_string}\"},\"query-input\":{\"@type\":\"PropertyValueSpecification\",\"valueRequired\":true,\"valueName\":\"search_term_string\"}}],\"inLanguage\":\"fr-FR\"},{\"@type\":\"Organization\",\"@id\":\"https:\\\/\\\/shop.eltex.de\\\/fr\\\/#organization\",\"name\":\"Shop Eltex-Elektrostatik\",\"url\":\"https:\\\/\\\/shop.eltex.de\\\/fr\\\/\",\"logo\":{\"@type\":\"ImageObject\",\"inLanguage\":\"fr-FR\",\"@id\":\"https:\\\/\\\/shop.eltex.de\\\/fr\\\/#\\\/schema\\\/logo\\\/image\\\/\",\"url\":\"https:\\\/\\\/shop.eltex.de\\\/wp-content\\\/uploads\\\/2022\\\/07\\\/elt.png\",\"contentUrl\":\"https:\\\/\\\/shop.eltex.de\\\/wp-content\\\/uploads\\\/2022\\\/07\\\/elt.png\",\"width\":1365,\"height\":1365,\"caption\":\"Shop Eltex-Elektrostatik\"},\"image\":{\"@id\":\"https:\\\/\\\/shop.eltex.de\\\/fr\\\/#\\\/schema\\\/logo\\\/image\\\/\"},\"sameAs\":[\"https:\\\/\\\/www.linkedin.com\\\/company\\\/eltex-elektrostatik-gmbh\\\/\"]}]}<\/script>\n<!-- \/ Yoast SEO plugin. -->","yoast_head_json":{"title":"Pince de mise \u00e0 la terre passive, petit mod\u00e8le - Shop Eltex Elektrostatik","robots":{"index":"index","follow":"follow","max-snippet":"max-snippet:-1","max-image-preview":"max-image-preview:large","max-video-preview":"max-video-preview:-1"},"canonical":"https:\/\/shop.eltex.de\/fr\/produkt\/kleine-passive-erdungszange-3\/","og_locale":"fr_FR","og_type":"article","og_title":"Pince de mise \u00e0 la terre passive, petit mod\u00e8le - Shop Eltex Elektrostatik","og_description":"Pince de mise \u00e0 la terre passive, petit mod\u00e8le","og_url":"https:\/\/shop.eltex.de\/fr\/produkt\/kleine-passive-erdungszange-3\/","og_site_name":"Shop Eltex Elektrostatik","article_modified_time":"2021-07-14T09:56:53+00:00","og_image":[{"width":600,"height":314,"url":"https:\/\/shop.eltex.de\/wp-content\/uploads\/2021\/04\/70OK.jpg","type":"image\/jpeg"}],"twitter_card":"summary_large_image","schema":{"@context":"https:\/\/schema.org","@graph":[{"@type":"WebPage","@id":"https:\/\/shop.eltex.de\/fr\/produkt\/kleine-passive-erdungszange-3\/","url":"https:\/\/shop.eltex.de\/fr\/produkt\/kleine-passive-erdungszange-3\/","name":"Pince de mise \u00e0 la terre passive, petit mod\u00e8le - Shop Eltex Elektrostatik","isPartOf":{"@id":"https:\/\/shop.eltex.de\/fr\/#website"},"primaryImageOfPage":{"@id":"https:\/\/shop.eltex.de\/fr\/produkt\/kleine-passive-erdungszange-3\/#primaryimage"},"image":{"@id":"https:\/\/shop.eltex.de\/fr\/produkt\/kleine-passive-erdungszange-3\/#primaryimage"},"thumbnailUrl":"https:\/\/shop.eltex.de\/wp-content\/uploads\/2021\/04\/70OK.jpg","datePublished":"2020-09-16T14:24:38+00:00","dateModified":"2021-07-14T09:56:53+00:00","breadcrumb":{"@id":"https:\/\/shop.eltex.de\/fr\/produkt\/kleine-passive-erdungszange-3\/#breadcrumb"},"inLanguage":"fr-FR","potentialAction":[{"@type":"ReadAction","target":["https:\/\/shop.eltex.de\/fr\/produkt\/kleine-passive-erdungszange-3\/"]}]},{"@type":"ImageObject","inLanguage":"fr-FR","@id":"https:\/\/shop.eltex.de\/fr\/produkt\/kleine-passive-erdungszange-3\/#primaryimage","url":"https:\/\/shop.eltex.de\/wp-content\/uploads\/2021\/04\/70OK.jpg","contentUrl":"https:\/\/shop.eltex.de\/wp-content\/uploads\/2021\/04\/70OK.jpg","width":600,"height":314},{"@type":"BreadcrumbList","@id":"https:\/\/shop.eltex.de\/fr\/produkt\/kleine-passive-erdungszange-3\/#breadcrumb","itemListElement":[{"@type":"ListItem","position":1,"name":"Startseite","item":"https:\/\/shop.eltex.de\/fr\/boutique\/"},{"@type":"ListItem","position":2,"name":"Boutique","item":"https:\/\/shop.eltex.de\/fr\/boutique\/"},{"@type":"ListItem","position":3,"name":"Pince de mise \u00e0 la terre passive, petit mod\u00e8le"}]},{"@type":"WebSite","@id":"https:\/\/shop.eltex.de\/fr\/#website","url":"https:\/\/shop.eltex.de\/fr\/","name":"Shop Eltex Elektrostatik","description":"","publisher":{"@id":"https:\/\/shop.eltex.de\/fr\/#organization"},"potentialAction":[{"@type":"SearchAction","target":{"@type":"EntryPoint","urlTemplate":"https:\/\/shop.eltex.de\/fr\/?s={search_term_string}"},"query-input":{"@type":"PropertyValueSpecification","valueRequired":true,"valueName":"search_term_string"}}],"inLanguage":"fr-FR"},{"@type":"Organization","@id":"https:\/\/shop.eltex.de\/fr\/#organization","name":"Shop Eltex-Elektrostatik","url":"https:\/\/shop.eltex.de\/fr\/","logo":{"@type":"ImageObject","inLanguage":"fr-FR","@id":"https:\/\/shop.eltex.de\/fr\/#\/schema\/logo\/image\/","url":"https:\/\/shop.eltex.de\/wp-content\/uploads\/2022\/07\/elt.png","contentUrl":"https:\/\/shop.eltex.de\/wp-content\/uploads\/2022\/07\/elt.png","width":1365,"height":1365,"caption":"Shop Eltex-Elektrostatik"},"image":{"@id":"https:\/\/shop.eltex.de\/fr\/#\/schema\/logo\/image\/"},"sameAs":["https:\/\/www.linkedin.com\/company\/eltex-elektrostatik-gmbh\/"]}]}},"_links":{"self":[{"href":"https:\/\/shop.eltex.de\/fr\/wp-json\/wp\/v2\/product\/468","targetHints":{"allow":["GET"]}}],"collection":[{"href":"https:\/\/shop.eltex.de\/fr\/wp-json\/wp\/v2\/product"}],"about":[{"href":"https:\/\/shop.eltex.de\/fr\/wp-json\/wp\/v2\/types\/product"}],"wp:featuredmedia":[{"embeddable":true,"href":"https:\/\/shop.eltex.de\/fr\/wp-json\/wp\/v2\/media\/560"}],"wp:attachment":[{"href":"https:\/\/shop.eltex.de\/fr\/wp-json\/wp\/v2\/media?parent=468"}],"wp:term":[{"taxonomy":"product_brand","embeddable":true,"href":"https:\/\/shop.eltex.de\/fr\/wp-json\/wp\/v2\/product_brand?post=468"},{"taxonomy":"product_cat","embeddable":true,"href":"https:\/\/shop.eltex.de\/fr\/wp-json\/wp\/v2\/product_cat?post=468"},{"taxonomy":"product_tag","embeddable":true,"href":"https:\/\/shop.eltex.de\/fr\/wp-json\/wp\/v2\/product_tag?post=468"}],"curies":[{"name":"wp","href":"https:\/\/api.w.org\/{rel}","templated":true}]}}