{"id":467,"date":"2020-09-16T16:26:00","date_gmt":"2020-09-16T14:26:00","guid":{"rendered":"https:\/\/shop.eltex.de\/produkt\/kleine-passive-erdungszange-2\/"},"modified":"2022-01-04T16:18:15","modified_gmt":"2022-01-04T15:18:15","slug":"kleine-passive-erdungszange-2","status":"publish","type":"product","link":"https:\/\/shop.eltex.de\/fr\/produkt\/kleine-passive-erdungszange-2\/","title":{"rendered":"Pince de mise \u00e0 la terre passive, petit mod\u00e8le, 6m"},"content":{"rendered":"<p>(Sans surveillance) avec 6m de c\u00e2ble (couleur orange) et fiche femelle IP67, pour connexion au PAL via le c\u00e2ble de terre pr\u00e9-confectionn\u00e9 KG\/Gxxx ou l&rsquo;enrouleur de c\u00e2ble passif 601KR\/EW12025; pince en acier inoxydable. Temp\u00e9rature d&rsquo;utilisation -20 \u00e0 +70\u00b0C. Marquage: Ex II 1G IIB T6 Ga Ex II 2G IIC T6 Gb Ex II 1D T180\u00b0C Da Autorisation: ZELM04 ATEXXE0229 X<\/p>\n","protected":false},"excerpt":{"rendered":"<p>Pince de mise \u00e0 la terre passive petit mod\u00e8le avec 6 m de c\u00e2ble de terre<\/p>\n","protected":false},"featured_media":557,"template":"","meta":{"inline_featured_image":false},"product_brand":[],"product_cat":[59],"product_tag":[],"class_list":{"0":"post-467","1":"product","2":"type-product","3":"status-publish","4":"has-post-thumbnail","6":"product_cat-elektronik-fr","8":"first","9":"instock","10":"taxable","11":"shipping-taxable","12":"purchasable","13":"product-type-simple"},"yoast_head":"<!-- This site is optimized with the Yoast SEO plugin v27.3 - https:\/\/yoast.com\/product\/yoast-seo-wordpress\/ -->\n<title>Pince de mise \u00e0 la terre passive, petit mod\u00e8le, 6m - Shop Eltex Elektrostatik<\/title>\n<meta name=\"robots\" content=\"index, follow, max-snippet:-1, max-image-preview:large, max-video-preview:-1\" \/>\n<link rel=\"canonical\" href=\"https:\/\/shop.eltex.de\/fr\/produkt\/kleine-passive-erdungszange-2\/\" \/>\n<meta property=\"og:locale\" content=\"fr_FR\" \/>\n<meta property=\"og:type\" content=\"article\" \/>\n<meta property=\"og:title\" content=\"Pince de mise \u00e0 la terre passive, petit mod\u00e8le, 6m - Shop Eltex Elektrostatik\" \/>\n<meta property=\"og:description\" content=\"Pince de mise \u00e0 la terre passive petit mod\u00e8le avec 6 m de c\u00e2ble de terre\" \/>\n<meta property=\"og:url\" content=\"https:\/\/shop.eltex.de\/fr\/produkt\/kleine-passive-erdungszange-2\/\" \/>\n<meta property=\"og:site_name\" content=\"Shop Eltex Elektrostatik\" \/>\n<meta property=\"article:modified_time\" content=\"2022-01-04T15:18:15+00:00\" \/>\n<meta property=\"og:image\" content=\"https:\/\/shop.eltex.de\/wp-content\/uploads\/2021\/04\/70PK-060.jpg\" \/>\n\t<meta property=\"og:image:width\" content=\"600\" \/>\n\t<meta property=\"og:image:height\" content=\"314\" \/>\n\t<meta property=\"og:image:type\" content=\"image\/jpeg\" \/>\n<meta name=\"twitter:card\" content=\"summary_large_image\" \/>\n<script type=\"application\/ld+json\" class=\"yoast-schema-graph\">{\"@context\":\"https:\\\/\\\/schema.org\",\"@graph\":[{\"@type\":\"WebPage\",\"@id\":\"https:\\\/\\\/shop.eltex.de\\\/fr\\\/produkt\\\/kleine-passive-erdungszange-2\\\/\",\"url\":\"https:\\\/\\\/shop.eltex.de\\\/fr\\\/produkt\\\/kleine-passive-erdungszange-2\\\/\",\"name\":\"Pince de mise \u00e0 la terre passive, petit mod\u00e8le, 6m - Shop Eltex Elektrostatik\",\"isPartOf\":{\"@id\":\"https:\\\/\\\/shop.eltex.de\\\/fr\\\/#website\"},\"primaryImageOfPage\":{\"@id\":\"https:\\\/\\\/shop.eltex.de\\\/fr\\\/produkt\\\/kleine-passive-erdungszange-2\\\/#primaryimage\"},\"image\":{\"@id\":\"https:\\\/\\\/shop.eltex.de\\\/fr\\\/produkt\\\/kleine-passive-erdungszange-2\\\/#primaryimage\"},\"thumbnailUrl\":\"https:\\\/\\\/shop.eltex.de\\\/wp-content\\\/uploads\\\/2021\\\/04\\\/70PK-060.jpg\",\"datePublished\":\"2020-09-16T14:26:00+00:00\",\"dateModified\":\"2022-01-04T15:18:15+00:00\",\"breadcrumb\":{\"@id\":\"https:\\\/\\\/shop.eltex.de\\\/fr\\\/produkt\\\/kleine-passive-erdungszange-2\\\/#breadcrumb\"},\"inLanguage\":\"fr-FR\",\"potentialAction\":[{\"@type\":\"ReadAction\",\"target\":[\"https:\\\/\\\/shop.eltex.de\\\/fr\\\/produkt\\\/kleine-passive-erdungszange-2\\\/\"]}]},{\"@type\":\"ImageObject\",\"inLanguage\":\"fr-FR\",\"@id\":\"https:\\\/\\\/shop.eltex.de\\\/fr\\\/produkt\\\/kleine-passive-erdungszange-2\\\/#primaryimage\",\"url\":\"https:\\\/\\\/shop.eltex.de\\\/wp-content\\\/uploads\\\/2021\\\/04\\\/70PK-060.jpg\",\"contentUrl\":\"https:\\\/\\\/shop.eltex.de\\\/wp-content\\\/uploads\\\/2021\\\/04\\\/70PK-060.jpg\",\"width\":600,\"height\":314},{\"@type\":\"BreadcrumbList\",\"@id\":\"https:\\\/\\\/shop.eltex.de\\\/fr\\\/produkt\\\/kleine-passive-erdungszange-2\\\/#breadcrumb\",\"itemListElement\":[{\"@type\":\"ListItem\",\"position\":1,\"name\":\"Startseite\",\"item\":\"https:\\\/\\\/shop.eltex.de\\\/fr\\\/boutique\\\/\"},{\"@type\":\"ListItem\",\"position\":2,\"name\":\"Boutique\",\"item\":\"https:\\\/\\\/shop.eltex.de\\\/fr\\\/boutique\\\/\"},{\"@type\":\"ListItem\",\"position\":3,\"name\":\"Pince de mise \u00e0 la terre passive, petit mod\u00e8le, 6m\"}]},{\"@type\":\"WebSite\",\"@id\":\"https:\\\/\\\/shop.eltex.de\\\/fr\\\/#website\",\"url\":\"https:\\\/\\\/shop.eltex.de\\\/fr\\\/\",\"name\":\"Shop Eltex Elektrostatik\",\"description\":\"\",\"publisher\":{\"@id\":\"https:\\\/\\\/shop.eltex.de\\\/fr\\\/#organization\"},\"potentialAction\":[{\"@type\":\"SearchAction\",\"target\":{\"@type\":\"EntryPoint\",\"urlTemplate\":\"https:\\\/\\\/shop.eltex.de\\\/fr\\\/?s={search_term_string}\"},\"query-input\":{\"@type\":\"PropertyValueSpecification\",\"valueRequired\":true,\"valueName\":\"search_term_string\"}}],\"inLanguage\":\"fr-FR\"},{\"@type\":\"Organization\",\"@id\":\"https:\\\/\\\/shop.eltex.de\\\/fr\\\/#organization\",\"name\":\"Shop Eltex-Elektrostatik\",\"url\":\"https:\\\/\\\/shop.eltex.de\\\/fr\\\/\",\"logo\":{\"@type\":\"ImageObject\",\"inLanguage\":\"fr-FR\",\"@id\":\"https:\\\/\\\/shop.eltex.de\\\/fr\\\/#\\\/schema\\\/logo\\\/image\\\/\",\"url\":\"https:\\\/\\\/shop.eltex.de\\\/wp-content\\\/uploads\\\/2022\\\/07\\\/elt.png\",\"contentUrl\":\"https:\\\/\\\/shop.eltex.de\\\/wp-content\\\/uploads\\\/2022\\\/07\\\/elt.png\",\"width\":1365,\"height\":1365,\"caption\":\"Shop Eltex-Elektrostatik\"},\"image\":{\"@id\":\"https:\\\/\\\/shop.eltex.de\\\/fr\\\/#\\\/schema\\\/logo\\\/image\\\/\"},\"sameAs\":[\"https:\\\/\\\/www.linkedin.com\\\/company\\\/eltex-elektrostatik-gmbh\\\/\"]}]}<\/script>\n<!-- \/ Yoast SEO plugin. -->","yoast_head_json":{"title":"Pince de mise \u00e0 la terre passive, petit mod\u00e8le, 6m - Shop Eltex Elektrostatik","robots":{"index":"index","follow":"follow","max-snippet":"max-snippet:-1","max-image-preview":"max-image-preview:large","max-video-preview":"max-video-preview:-1"},"canonical":"https:\/\/shop.eltex.de\/fr\/produkt\/kleine-passive-erdungszange-2\/","og_locale":"fr_FR","og_type":"article","og_title":"Pince de mise \u00e0 la terre passive, petit mod\u00e8le, 6m - Shop Eltex Elektrostatik","og_description":"Pince de mise \u00e0 la terre passive petit mod\u00e8le avec 6 m de c\u00e2ble de terre","og_url":"https:\/\/shop.eltex.de\/fr\/produkt\/kleine-passive-erdungszange-2\/","og_site_name":"Shop Eltex Elektrostatik","article_modified_time":"2022-01-04T15:18:15+00:00","og_image":[{"width":600,"height":314,"url":"https:\/\/shop.eltex.de\/wp-content\/uploads\/2021\/04\/70PK-060.jpg","type":"image\/jpeg"}],"twitter_card":"summary_large_image","schema":{"@context":"https:\/\/schema.org","@graph":[{"@type":"WebPage","@id":"https:\/\/shop.eltex.de\/fr\/produkt\/kleine-passive-erdungszange-2\/","url":"https:\/\/shop.eltex.de\/fr\/produkt\/kleine-passive-erdungszange-2\/","name":"Pince de mise \u00e0 la terre passive, petit mod\u00e8le, 6m - Shop Eltex Elektrostatik","isPartOf":{"@id":"https:\/\/shop.eltex.de\/fr\/#website"},"primaryImageOfPage":{"@id":"https:\/\/shop.eltex.de\/fr\/produkt\/kleine-passive-erdungszange-2\/#primaryimage"},"image":{"@id":"https:\/\/shop.eltex.de\/fr\/produkt\/kleine-passive-erdungszange-2\/#primaryimage"},"thumbnailUrl":"https:\/\/shop.eltex.de\/wp-content\/uploads\/2021\/04\/70PK-060.jpg","datePublished":"2020-09-16T14:26:00+00:00","dateModified":"2022-01-04T15:18:15+00:00","breadcrumb":{"@id":"https:\/\/shop.eltex.de\/fr\/produkt\/kleine-passive-erdungszange-2\/#breadcrumb"},"inLanguage":"fr-FR","potentialAction":[{"@type":"ReadAction","target":["https:\/\/shop.eltex.de\/fr\/produkt\/kleine-passive-erdungszange-2\/"]}]},{"@type":"ImageObject","inLanguage":"fr-FR","@id":"https:\/\/shop.eltex.de\/fr\/produkt\/kleine-passive-erdungszange-2\/#primaryimage","url":"https:\/\/shop.eltex.de\/wp-content\/uploads\/2021\/04\/70PK-060.jpg","contentUrl":"https:\/\/shop.eltex.de\/wp-content\/uploads\/2021\/04\/70PK-060.jpg","width":600,"height":314},{"@type":"BreadcrumbList","@id":"https:\/\/shop.eltex.de\/fr\/produkt\/kleine-passive-erdungszange-2\/#breadcrumb","itemListElement":[{"@type":"ListItem","position":1,"name":"Startseite","item":"https:\/\/shop.eltex.de\/fr\/boutique\/"},{"@type":"ListItem","position":2,"name":"Boutique","item":"https:\/\/shop.eltex.de\/fr\/boutique\/"},{"@type":"ListItem","position":3,"name":"Pince de mise \u00e0 la terre passive, petit mod\u00e8le, 6m"}]},{"@type":"WebSite","@id":"https:\/\/shop.eltex.de\/fr\/#website","url":"https:\/\/shop.eltex.de\/fr\/","name":"Shop Eltex Elektrostatik","description":"","publisher":{"@id":"https:\/\/shop.eltex.de\/fr\/#organization"},"potentialAction":[{"@type":"SearchAction","target":{"@type":"EntryPoint","urlTemplate":"https:\/\/shop.eltex.de\/fr\/?s={search_term_string}"},"query-input":{"@type":"PropertyValueSpecification","valueRequired":true,"valueName":"search_term_string"}}],"inLanguage":"fr-FR"},{"@type":"Organization","@id":"https:\/\/shop.eltex.de\/fr\/#organization","name":"Shop Eltex-Elektrostatik","url":"https:\/\/shop.eltex.de\/fr\/","logo":{"@type":"ImageObject","inLanguage":"fr-FR","@id":"https:\/\/shop.eltex.de\/fr\/#\/schema\/logo\/image\/","url":"https:\/\/shop.eltex.de\/wp-content\/uploads\/2022\/07\/elt.png","contentUrl":"https:\/\/shop.eltex.de\/wp-content\/uploads\/2022\/07\/elt.png","width":1365,"height":1365,"caption":"Shop Eltex-Elektrostatik"},"image":{"@id":"https:\/\/shop.eltex.de\/fr\/#\/schema\/logo\/image\/"},"sameAs":["https:\/\/www.linkedin.com\/company\/eltex-elektrostatik-gmbh\/"]}]}},"_links":{"self":[{"href":"https:\/\/shop.eltex.de\/fr\/wp-json\/wp\/v2\/product\/467","targetHints":{"allow":["GET"]}}],"collection":[{"href":"https:\/\/shop.eltex.de\/fr\/wp-json\/wp\/v2\/product"}],"about":[{"href":"https:\/\/shop.eltex.de\/fr\/wp-json\/wp\/v2\/types\/product"}],"wp:featuredmedia":[{"embeddable":true,"href":"https:\/\/shop.eltex.de\/fr\/wp-json\/wp\/v2\/media\/557"}],"wp:attachment":[{"href":"https:\/\/shop.eltex.de\/fr\/wp-json\/wp\/v2\/media?parent=467"}],"wp:term":[{"taxonomy":"product_brand","embeddable":true,"href":"https:\/\/shop.eltex.de\/fr\/wp-json\/wp\/v2\/product_brand?post=467"},{"taxonomy":"product_cat","embeddable":true,"href":"https:\/\/shop.eltex.de\/fr\/wp-json\/wp\/v2\/product_cat?post=467"},{"taxonomy":"product_tag","embeddable":true,"href":"https:\/\/shop.eltex.de\/fr\/wp-json\/wp\/v2\/product_tag?post=467"}],"curies":[{"name":"wp","href":"https:\/\/api.w.org\/{rel}","templated":true}]}}