{"id":463,"date":"2020-09-30T11:10:01","date_gmt":"2020-09-30T09:10:01","guid":{"rendered":"https:\/\/shop.eltex.de\/produkt\/neu-grosse-passive-erdungszange-kopie\/"},"modified":"2022-01-04T16:20:11","modified_gmt":"2022-01-04T15:20:11","slug":"neu-grosse-passive-erdungszange-kopie","status":"publish","type":"product","link":"https:\/\/shop.eltex.de\/fr\/produkt\/neu-grosse-passive-erdungszange-kopie\/","title":{"rendered":"Pince de mise \u00e0 la terre passive, grand mod\u00e8le, 3m"},"content":{"rendered":"<p>(Sans surveillance) avec r\u00e9sistance de d\u00e9rivation \u00e0 la terre int\u00e9gr\u00e9e pour la protection contre les d\u00e9charges non-contr\u00f4l\u00e9es et 3m de c\u00e2ble de terre fixe (couleur orange), extr\u00e9mit\u00e9 du c\u00e2ble avec cosse \u00e0 oeillet M8; pince en acier inoxydable, PP. Temp\u00e9rature d&rsquo;utilisation -30 \u00e0 +70\u00b0C.<\/p>\n","protected":false},"excerpt":{"rendered":"<p>TERRACLAMP version passive avec 3 m de c\u00e2ble de terre<\/p>\n","protected":false},"featured_media":551,"template":"","meta":{"inline_featured_image":false},"product_brand":[],"product_cat":[59],"product_tag":[],"class_list":{"0":"post-463","1":"product","2":"type-product","3":"status-publish","4":"has-post-thumbnail","6":"product_cat-elektronik-fr","8":"first","9":"instock","10":"taxable","11":"shipping-taxable","12":"purchasable","13":"product-type-simple"},"yoast_head":"<!-- This site is optimized with the Yoast SEO plugin v27.3 - https:\/\/yoast.com\/product\/yoast-seo-wordpress\/ -->\n<title>Pince de mise \u00e0 la terre passive, grand mod\u00e8le, 3m - Shop Eltex Elektrostatik<\/title>\n<meta name=\"robots\" content=\"index, follow, max-snippet:-1, max-image-preview:large, max-video-preview:-1\" \/>\n<link rel=\"canonical\" href=\"https:\/\/shop.eltex.de\/fr\/produkt\/neu-grosse-passive-erdungszange-kopie\/\" \/>\n<meta property=\"og:locale\" content=\"fr_FR\" \/>\n<meta property=\"og:type\" content=\"article\" \/>\n<meta property=\"og:title\" content=\"Pince de mise \u00e0 la terre passive, grand mod\u00e8le, 3m - Shop Eltex Elektrostatik\" \/>\n<meta property=\"og:description\" content=\"TERRACLAMP version passive avec 3 m de c\u00e2ble de terre\" \/>\n<meta property=\"og:url\" content=\"https:\/\/shop.eltex.de\/fr\/produkt\/neu-grosse-passive-erdungszange-kopie\/\" \/>\n<meta property=\"og:site_name\" content=\"Shop Eltex Elektrostatik\" \/>\n<meta property=\"article:modified_time\" content=\"2022-01-04T15:20:11+00:00\" \/>\n<meta property=\"og:image\" content=\"https:\/\/shop.eltex.de\/wp-content\/uploads\/2021\/04\/Terra-C-POR-1.jpg\" \/>\n\t<meta property=\"og:image:width\" content=\"600\" \/>\n\t<meta property=\"og:image:height\" content=\"314\" \/>\n\t<meta property=\"og:image:type\" content=\"image\/jpeg\" \/>\n<meta name=\"twitter:card\" content=\"summary_large_image\" \/>\n<script type=\"application\/ld+json\" class=\"yoast-schema-graph\">{\"@context\":\"https:\\\/\\\/schema.org\",\"@graph\":[{\"@type\":\"WebPage\",\"@id\":\"https:\\\/\\\/shop.eltex.de\\\/fr\\\/produkt\\\/neu-grosse-passive-erdungszange-kopie\\\/\",\"url\":\"https:\\\/\\\/shop.eltex.de\\\/fr\\\/produkt\\\/neu-grosse-passive-erdungszange-kopie\\\/\",\"name\":\"Pince de mise \u00e0 la terre passive, grand mod\u00e8le, 3m - Shop Eltex Elektrostatik\",\"isPartOf\":{\"@id\":\"https:\\\/\\\/shop.eltex.de\\\/fr\\\/#website\"},\"primaryImageOfPage\":{\"@id\":\"https:\\\/\\\/shop.eltex.de\\\/fr\\\/produkt\\\/neu-grosse-passive-erdungszange-kopie\\\/#primaryimage\"},\"image\":{\"@id\":\"https:\\\/\\\/shop.eltex.de\\\/fr\\\/produkt\\\/neu-grosse-passive-erdungszange-kopie\\\/#primaryimage\"},\"thumbnailUrl\":\"https:\\\/\\\/shop.eltex.de\\\/wp-content\\\/uploads\\\/2021\\\/04\\\/Terra-C-POR-1.jpg\",\"datePublished\":\"2020-09-30T09:10:01+00:00\",\"dateModified\":\"2022-01-04T15:20:11+00:00\",\"breadcrumb\":{\"@id\":\"https:\\\/\\\/shop.eltex.de\\\/fr\\\/produkt\\\/neu-grosse-passive-erdungszange-kopie\\\/#breadcrumb\"},\"inLanguage\":\"fr-FR\",\"potentialAction\":[{\"@type\":\"ReadAction\",\"target\":[\"https:\\\/\\\/shop.eltex.de\\\/fr\\\/produkt\\\/neu-grosse-passive-erdungszange-kopie\\\/\"]}]},{\"@type\":\"ImageObject\",\"inLanguage\":\"fr-FR\",\"@id\":\"https:\\\/\\\/shop.eltex.de\\\/fr\\\/produkt\\\/neu-grosse-passive-erdungszange-kopie\\\/#primaryimage\",\"url\":\"https:\\\/\\\/shop.eltex.de\\\/wp-content\\\/uploads\\\/2021\\\/04\\\/Terra-C-POR-1.jpg\",\"contentUrl\":\"https:\\\/\\\/shop.eltex.de\\\/wp-content\\\/uploads\\\/2021\\\/04\\\/Terra-C-POR-1.jpg\",\"width\":600,\"height\":314},{\"@type\":\"BreadcrumbList\",\"@id\":\"https:\\\/\\\/shop.eltex.de\\\/fr\\\/produkt\\\/neu-grosse-passive-erdungszange-kopie\\\/#breadcrumb\",\"itemListElement\":[{\"@type\":\"ListItem\",\"position\":1,\"name\":\"Startseite\",\"item\":\"https:\\\/\\\/shop.eltex.de\\\/fr\\\/boutique\\\/\"},{\"@type\":\"ListItem\",\"position\":2,\"name\":\"Boutique\",\"item\":\"https:\\\/\\\/shop.eltex.de\\\/fr\\\/boutique\\\/\"},{\"@type\":\"ListItem\",\"position\":3,\"name\":\"Pince de mise \u00e0 la terre passive, grand mod\u00e8le, 3m\"}]},{\"@type\":\"WebSite\",\"@id\":\"https:\\\/\\\/shop.eltex.de\\\/fr\\\/#website\",\"url\":\"https:\\\/\\\/shop.eltex.de\\\/fr\\\/\",\"name\":\"Shop Eltex Elektrostatik\",\"description\":\"\",\"publisher\":{\"@id\":\"https:\\\/\\\/shop.eltex.de\\\/fr\\\/#organization\"},\"potentialAction\":[{\"@type\":\"SearchAction\",\"target\":{\"@type\":\"EntryPoint\",\"urlTemplate\":\"https:\\\/\\\/shop.eltex.de\\\/fr\\\/?s={search_term_string}\"},\"query-input\":{\"@type\":\"PropertyValueSpecification\",\"valueRequired\":true,\"valueName\":\"search_term_string\"}}],\"inLanguage\":\"fr-FR\"},{\"@type\":\"Organization\",\"@id\":\"https:\\\/\\\/shop.eltex.de\\\/fr\\\/#organization\",\"name\":\"Shop Eltex-Elektrostatik\",\"url\":\"https:\\\/\\\/shop.eltex.de\\\/fr\\\/\",\"logo\":{\"@type\":\"ImageObject\",\"inLanguage\":\"fr-FR\",\"@id\":\"https:\\\/\\\/shop.eltex.de\\\/fr\\\/#\\\/schema\\\/logo\\\/image\\\/\",\"url\":\"https:\\\/\\\/shop.eltex.de\\\/wp-content\\\/uploads\\\/2022\\\/07\\\/elt.png\",\"contentUrl\":\"https:\\\/\\\/shop.eltex.de\\\/wp-content\\\/uploads\\\/2022\\\/07\\\/elt.png\",\"width\":1365,\"height\":1365,\"caption\":\"Shop Eltex-Elektrostatik\"},\"image\":{\"@id\":\"https:\\\/\\\/shop.eltex.de\\\/fr\\\/#\\\/schema\\\/logo\\\/image\\\/\"},\"sameAs\":[\"https:\\\/\\\/www.linkedin.com\\\/company\\\/eltex-elektrostatik-gmbh\\\/\"]}]}<\/script>\n<!-- \/ Yoast SEO plugin. -->","yoast_head_json":{"title":"Pince de mise \u00e0 la terre passive, grand mod\u00e8le, 3m - Shop Eltex Elektrostatik","robots":{"index":"index","follow":"follow","max-snippet":"max-snippet:-1","max-image-preview":"max-image-preview:large","max-video-preview":"max-video-preview:-1"},"canonical":"https:\/\/shop.eltex.de\/fr\/produkt\/neu-grosse-passive-erdungszange-kopie\/","og_locale":"fr_FR","og_type":"article","og_title":"Pince de mise \u00e0 la terre passive, grand mod\u00e8le, 3m - Shop Eltex Elektrostatik","og_description":"TERRACLAMP version passive avec 3 m de c\u00e2ble de terre","og_url":"https:\/\/shop.eltex.de\/fr\/produkt\/neu-grosse-passive-erdungszange-kopie\/","og_site_name":"Shop Eltex Elektrostatik","article_modified_time":"2022-01-04T15:20:11+00:00","og_image":[{"width":600,"height":314,"url":"https:\/\/shop.eltex.de\/wp-content\/uploads\/2021\/04\/Terra-C-POR-1.jpg","type":"image\/jpeg"}],"twitter_card":"summary_large_image","schema":{"@context":"https:\/\/schema.org","@graph":[{"@type":"WebPage","@id":"https:\/\/shop.eltex.de\/fr\/produkt\/neu-grosse-passive-erdungszange-kopie\/","url":"https:\/\/shop.eltex.de\/fr\/produkt\/neu-grosse-passive-erdungszange-kopie\/","name":"Pince de mise \u00e0 la terre passive, grand mod\u00e8le, 3m - Shop Eltex Elektrostatik","isPartOf":{"@id":"https:\/\/shop.eltex.de\/fr\/#website"},"primaryImageOfPage":{"@id":"https:\/\/shop.eltex.de\/fr\/produkt\/neu-grosse-passive-erdungszange-kopie\/#primaryimage"},"image":{"@id":"https:\/\/shop.eltex.de\/fr\/produkt\/neu-grosse-passive-erdungszange-kopie\/#primaryimage"},"thumbnailUrl":"https:\/\/shop.eltex.de\/wp-content\/uploads\/2021\/04\/Terra-C-POR-1.jpg","datePublished":"2020-09-30T09:10:01+00:00","dateModified":"2022-01-04T15:20:11+00:00","breadcrumb":{"@id":"https:\/\/shop.eltex.de\/fr\/produkt\/neu-grosse-passive-erdungszange-kopie\/#breadcrumb"},"inLanguage":"fr-FR","potentialAction":[{"@type":"ReadAction","target":["https:\/\/shop.eltex.de\/fr\/produkt\/neu-grosse-passive-erdungszange-kopie\/"]}]},{"@type":"ImageObject","inLanguage":"fr-FR","@id":"https:\/\/shop.eltex.de\/fr\/produkt\/neu-grosse-passive-erdungszange-kopie\/#primaryimage","url":"https:\/\/shop.eltex.de\/wp-content\/uploads\/2021\/04\/Terra-C-POR-1.jpg","contentUrl":"https:\/\/shop.eltex.de\/wp-content\/uploads\/2021\/04\/Terra-C-POR-1.jpg","width":600,"height":314},{"@type":"BreadcrumbList","@id":"https:\/\/shop.eltex.de\/fr\/produkt\/neu-grosse-passive-erdungszange-kopie\/#breadcrumb","itemListElement":[{"@type":"ListItem","position":1,"name":"Startseite","item":"https:\/\/shop.eltex.de\/fr\/boutique\/"},{"@type":"ListItem","position":2,"name":"Boutique","item":"https:\/\/shop.eltex.de\/fr\/boutique\/"},{"@type":"ListItem","position":3,"name":"Pince de mise \u00e0 la terre passive, grand mod\u00e8le, 3m"}]},{"@type":"WebSite","@id":"https:\/\/shop.eltex.de\/fr\/#website","url":"https:\/\/shop.eltex.de\/fr\/","name":"Shop Eltex Elektrostatik","description":"","publisher":{"@id":"https:\/\/shop.eltex.de\/fr\/#organization"},"potentialAction":[{"@type":"SearchAction","target":{"@type":"EntryPoint","urlTemplate":"https:\/\/shop.eltex.de\/fr\/?s={search_term_string}"},"query-input":{"@type":"PropertyValueSpecification","valueRequired":true,"valueName":"search_term_string"}}],"inLanguage":"fr-FR"},{"@type":"Organization","@id":"https:\/\/shop.eltex.de\/fr\/#organization","name":"Shop Eltex-Elektrostatik","url":"https:\/\/shop.eltex.de\/fr\/","logo":{"@type":"ImageObject","inLanguage":"fr-FR","@id":"https:\/\/shop.eltex.de\/fr\/#\/schema\/logo\/image\/","url":"https:\/\/shop.eltex.de\/wp-content\/uploads\/2022\/07\/elt.png","contentUrl":"https:\/\/shop.eltex.de\/wp-content\/uploads\/2022\/07\/elt.png","width":1365,"height":1365,"caption":"Shop Eltex-Elektrostatik"},"image":{"@id":"https:\/\/shop.eltex.de\/fr\/#\/schema\/logo\/image\/"},"sameAs":["https:\/\/www.linkedin.com\/company\/eltex-elektrostatik-gmbh\/"]}]}},"_links":{"self":[{"href":"https:\/\/shop.eltex.de\/fr\/wp-json\/wp\/v2\/product\/463","targetHints":{"allow":["GET"]}}],"collection":[{"href":"https:\/\/shop.eltex.de\/fr\/wp-json\/wp\/v2\/product"}],"about":[{"href":"https:\/\/shop.eltex.de\/fr\/wp-json\/wp\/v2\/types\/product"}],"wp:featuredmedia":[{"embeddable":true,"href":"https:\/\/shop.eltex.de\/fr\/wp-json\/wp\/v2\/media\/551"}],"wp:attachment":[{"href":"https:\/\/shop.eltex.de\/fr\/wp-json\/wp\/v2\/media?parent=463"}],"wp:term":[{"taxonomy":"product_brand","embeddable":true,"href":"https:\/\/shop.eltex.de\/fr\/wp-json\/wp\/v2\/product_brand?post=463"},{"taxonomy":"product_cat","embeddable":true,"href":"https:\/\/shop.eltex.de\/fr\/wp-json\/wp\/v2\/product_cat?post=463"},{"taxonomy":"product_tag","embeddable":true,"href":"https:\/\/shop.eltex.de\/fr\/wp-json\/wp\/v2\/product_tag?post=463"}],"curies":[{"name":"wp","href":"https:\/\/api.w.org\/{rel}","templated":true}]}}